{"id":21,"date":"2025-09-01T12:40:19","date_gmt":"2025-09-01T12:40:19","guid":{"rendered":"https:\/\/nuriaflorensa.com\/contact\/"},"modified":"2026-02-25T09:54:46","modified_gmt":"2026-02-25T09:54:46","slug":"contacte","status":"publish","type":"page","link":"https:\/\/nuriaflorensa.com\/ca\/contacte\/","title":{"rendered":"CONTACTE"},"content":{"rendered":"\t\t<div data-elementor-type=\"wp-page\" data-elementor-id=\"21\" class=\"elementor elementor-21\" data-elementor-post-type=\"page\">\n\t\t\t\t<div class=\"elementor-element elementor-element-5fc7996 e-flex e-con-boxed e-con e-parent\" data-id=\"5fc7996\" data-element_type=\"container\">\n\t\t\t\t\t<div class=\"e-con-inner\">\n\t\t\t\t<div class=\"elementor-element elementor-element-27e5d37 elementor-widget elementor-widget-spacer\" data-id=\"27e5d37\" data-element_type=\"widget\" data-widget_type=\"spacer.default\">\n\t\t\t\t\t\t\t<div class=\"elementor-spacer\">\n\t\t\t<div class=\"elementor-spacer-inner\"><\/div>\n\t\t<\/div>\n\t\t\t\t\t\t<\/div>\n\t\t\t\t<div class=\"elementor-element elementor-element-362c7eb elementor-widget elementor-widget-heading\" data-id=\"362c7eb\" data-element_type=\"widget\" data-widget_type=\"heading.default\">\n\t\t\t\t\t<h4 class=\"elementor-heading-title elementor-size-default\">CONTACTE<\/h4>\t\t\t\t<\/div>\n\t\t\t\t\t<\/div>\n\t\t\t\t<\/div>\n\t\t<div class=\"elementor-element elementor-element-10a1f4f e-flex e-con-boxed e-con e-parent\" data-id=\"10a1f4f\" data-element_type=\"container\">\n\t\t\t\t\t<div class=\"e-con-inner\">\n\t\t<div class=\"elementor-element elementor-element-12ed2c3 e-con-full e-flex e-con e-child\" data-id=\"12ed2c3\" data-element_type=\"container\">\n\t\t\t\t<div class=\"elementor-element elementor-element-ad74a10 elementor-widget elementor-widget-image\" data-id=\"ad74a10\" data-element_type=\"widget\" data-widget_type=\"image.default\">\n\t\t\t\t\t\t\t\t\t\t\t\t\t\t\t<img fetchpriority=\"high\" decoding=\"async\" width=\"683\" height=\"1024\" src=\"https:\/\/nuriaflorensa.com\/wp-content\/uploads\/2025\/09\/2025_03_20-110-683x1024.jpg\" class=\"attachment-large size-large wp-image-187\" alt=\"\" srcset=\"https:\/\/nuriaflorensa.com\/wp-content\/uploads\/2025\/09\/2025_03_20-110-683x1024.jpg 683w, https:\/\/nuriaflorensa.com\/wp-content\/uploads\/2025\/09\/2025_03_20-110-200x300.jpg 200w, https:\/\/nuriaflorensa.com\/wp-content\/uploads\/2025\/09\/2025_03_20-110-768x1152.jpg 768w, https:\/\/nuriaflorensa.com\/wp-content\/uploads\/2025\/09\/2025_03_20-110-1024x1536.jpg 1024w, https:\/\/nuriaflorensa.com\/wp-content\/uploads\/2025\/09\/2025_03_20-110-1365x2048.jpg 1365w, https:\/\/nuriaflorensa.com\/wp-content\/uploads\/2025\/09\/2025_03_20-110-scaled.jpg 1707w\" sizes=\"(max-width: 683px) 100vw, 683px\" \/>\t\t\t\t\t\t\t\t\t\t\t\t\t\t\t<\/div>\n\t\t\t\t<\/div>\n\t\t<div class=\"elementor-element elementor-element-e1a145c e-con-full e-flex e-con e-child\" data-id=\"e1a145c\" data-element_type=\"container\">\n\t\t\t\t<div class=\"elementor-element elementor-element-515f8b4 elementor-widget elementor-widget-text-editor\" data-id=\"515f8b4\" data-element_type=\"widget\" data-widget_type=\"text-editor.default\">\n\t\t\t\t\t\t\t\t\t<p><strong>REPRESENTACI\u00d3 ART\u00cdSTICA:<\/strong><\/p><p>Agent: <span style=\"text-decoration: underline;\"><a href=\"https:\/\/lisvida.com\/es\/actrices\/nuria-florensa-338\">Lis Vida <\/a><\/span><br \/><a class=\"decorated-link cursor-pointer\" href=\"mailto:lis.vida@gmail.com\" rel=\"noopener\">lis.vida@gmail.com<\/a><\/p><p>+34 691 55 72 29<\/p><p><strong>CONTACTE PERSONAL:<\/strong><\/p><p>N\u00faria Florensa <br \/><a class=\"decorated-link cursor-pointer\" href=\"mailto:nuria.florensa@gmail.com\" rel=\"noopener\">nuriaflorensa@gmail.com<\/a><\/p>\t\t\t\t\t\t\t\t<\/div>\n\t\t\t\t<div class=\"elementor-element elementor-element-10e4164 elementor-shape-circle e-grid-align-left elementor-grid-0 elementor-widget elementor-widget-social-icons\" data-id=\"10e4164\" data-element_type=\"widget\" data-widget_type=\"social-icons.default\">\n\t\t\t\t\t\t\t<div class=\"elementor-social-icons-wrapper elementor-grid\" role=\"list\">\n\t\t\t\t\t\t\t<span class=\"elementor-grid-item\" role=\"listitem\">\n\t\t\t\t\t<a class=\"elementor-icon elementor-social-icon elementor-social-icon-instagram elementor-repeater-item-d60ac0b\" href=\"https:\/\/www.instagram.com\/nuria.florensa\/\" target=\"_blank\">\n\t\t\t\t\t\t<span class=\"elementor-screen-only\">Instagram<\/span>\n\t\t\t\t\t\t<svg aria-hidden=\"true\" class=\"e-font-icon-svg e-fab-instagram\" viewBox=\"0 0 448 512\" xmlns=\"http:\/\/www.w3.org\/2000\/svg\"><path d=\"M224.1 141c-63.6 0-114.9 51.3-114.9 114.9s51.3 114.9 114.9 114.9S339 319.5 339 255.9 287.7 141 224.1 141zm0 189.6c-41.1 0-74.7-33.5-74.7-74.7s33.5-74.7 74.7-74.7 74.7 33.5 74.7 74.7-33.6 74.7-74.7 74.7zm146.4-194.3c0 14.9-12 26.8-26.8 26.8-14.9 0-26.8-12-26.8-26.8s12-26.8 26.8-26.8 26.8 12 26.8 26.8zm76.1 27.2c-1.7-35.9-9.9-67.7-36.2-93.9-26.2-26.2-58-34.4-93.9-36.2-37-2.1-147.9-2.1-184.9 0-35.8 1.7-67.6 9.9-93.9 36.1s-34.4 58-36.2 93.9c-2.1 37-2.1 147.9 0 184.9 1.7 35.9 9.9 67.7 36.2 93.9s58 34.4 93.9 36.2c37 2.1 147.9 2.1 184.9 0 35.9-1.7 67.7-9.9 93.9-36.2 26.2-26.2 34.4-58 36.2-93.9 2.1-37 2.1-147.8 0-184.8zM398.8 388c-7.8 19.6-22.9 34.7-42.6 42.6-29.5 11.7-99.5 9-132.1 9s-102.7 2.6-132.1-9c-19.6-7.8-34.7-22.9-42.6-42.6-11.7-29.5-9-99.5-9-132.1s-2.6-102.7 9-132.1c7.8-19.6 22.9-34.7 42.6-42.6 29.5-11.7 99.5-9 132.1-9s102.7-2.6 132.1 9c19.6 7.8 34.7 22.9 42.6 42.6 11.7 29.5 9 99.5 9 132.1s2.7 102.7-9 132.1z\"><\/path><\/svg>\t\t\t\t\t<\/a>\n\t\t\t\t<\/span>\n\t\t\t\t\t\t\t<span class=\"elementor-grid-item\" role=\"listitem\">\n\t\t\t\t\t<a class=\"elementor-icon elementor-social-icon elementor-social-icon- elementor-repeater-item-425f998\" href=\"http:\/\/imdb.com\/es-es\/name\/nm3236358\/?ref_=upe_rvi_i_1&#038;reasonForLanguagePrompt=browser_header_mismatch\" target=\"_blank\">\n\t\t\t\t\t\t<span class=\"elementor-screen-only\"><\/span>\n\t\t\t\t\t\t<svg xmlns=\"http:\/\/www.w3.org\/2000\/svg\" xmlns:xlink=\"http:\/\/www.w3.org\/1999\/xlink\" fill=\"#000000\" width=\"800px\" height=\"800px\" viewBox=\"0 0 32 32\" id=\"Camada_1\" xml:space=\"preserve\"><g><path d=\"M8.4,21.1H5.9V9.9h3.8l0.7,4.7h0.1L11,9.9h3.8v11.2h-2.5v-6.7h-0.1l-0.9,6.7H9.4l-1-6.7h0L8.4,21.1L8.4,21.1z\"><\/path><path d=\"M15.8,9.8c0.4,0,3.2-0.1,4.7,0.1c1.2,0.1,1.8,1.1,1.9,2.3c0.1,2.2,0.1,4.4,0.1,6.6c0,0.2,0,0.5-0.1,0.8   c-0.2,0.9-0.7,1.4-1.9,1.5c-1.5,0.1-3,0.1-4.4,0.1c0,0-0.1,0-0.2,0V9.8z M18.8,11.9v7.2c0.5,0,0.8-0.2,0.8-0.7c0-1.9,0-3.9,0-5.9   C19.6,12,19.4,11.8,18.8,11.9z\"><\/path><path d=\"M2,21.1V9.9h2.9v11.2H2z\"><\/path><path d=\"M29.9,14.1c-0.1-0.8-0.6-1.2-1.4-1.4c-0.8-0.1-1.6,0-2.3,0.7V9.9h-2.8v11.2H26c0.1-0.2,0.1-0.4,0.2-0.5c0,0,0,0,0.1,0   c0.1,0.1,0.2,0.2,0.3,0.3c0.7,0.5,1.5,0.6,2.3,0.3c0.7-0.3,1-0.9,1-1.6c0-0.8,0.1-1.7,0.1-2.6C30,16,30,15,29.9,14.1L29.9,14.1z    M27.1,19.1c0,0.2-0.2,0.4-0.4,0.4s-0.4-0.2-0.4-0.4v-4.3c0-0.2,0.2-0.4,0.4-0.4s0.4,0.2,0.4,0.4V19.1z\"><\/path><\/g><\/svg>\t\t\t\t\t<\/a>\n\t\t\t\t<\/span>\n\t\t\t\t\t\t\t<span class=\"elementor-grid-item\" role=\"listitem\">\n\t\t\t\t\t<a class=\"elementor-icon elementor-social-icon elementor-social-icon-youtube elementor-repeater-item-19748e3\" href=\"https:\/\/www.youtube.com\/@nuriaflorensaperalta\" target=\"_blank\">\n\t\t\t\t\t\t<span class=\"elementor-screen-only\">Youtube<\/span>\n\t\t\t\t\t\t<svg aria-hidden=\"true\" class=\"e-font-icon-svg e-fab-youtube\" viewBox=\"0 0 576 512\" xmlns=\"http:\/\/www.w3.org\/2000\/svg\"><path d=\"M549.655 124.083c-6.281-23.65-24.787-42.276-48.284-48.597C458.781 64 288 64 288 64S117.22 64 74.629 75.486c-23.497 6.322-42.003 24.947-48.284 48.597-11.412 42.867-11.412 132.305-11.412 132.305s0 89.438 11.412 132.305c6.281 23.65 24.787 41.5 48.284 47.821C117.22 448 288 448 288 448s170.78 0 213.371-11.486c23.497-6.321 42.003-24.171 48.284-47.821 11.412-42.867 11.412-132.305 11.412-132.305s0-89.438-11.412-132.305zm-317.51 213.508V175.185l142.739 81.205-142.739 81.201z\"><\/path><\/svg>\t\t\t\t\t<\/a>\n\t\t\t\t<\/span>\n\t\t\t\t\t<\/div>\n\t\t\t\t\t\t<\/div>\n\t\t\t\t<\/div>\n\t\t\t\t\t<\/div>\n\t\t\t\t<\/div>\n\t\t\t\t<\/div>\n\t\t","protected":false},"excerpt":{"rendered":"<p>CONTACTE REPRESENTACI\u00d3 ART\u00cdSTICA: Agent: Lis Vida lis.vida@gmail.com +34 691 55 72 29 CONTACTE PERSONAL: N\u00faria Florensa nuriaflorensa@gmail.com Instagram Youtube<\/p>\n","protected":false},"author":1,"featured_media":0,"parent":0,"menu_order":0,"comment_status":"closed","ping_status":"closed","template":"","meta":{"footnotes":""},"class_list":["post-21","page","type-page","status-publish","hentry"],"yoast_head":"<!-- This site is optimized with the Yoast SEO plugin v26.2 - https:\/\/yoast.com\/wordpress\/plugins\/seo\/ -->\n<title>CONTACTE - Nuria Florensa<\/title>\n<meta name=\"robots\" content=\"index, follow, max-snippet:-1, max-image-preview:large, max-video-preview:-1\" \/>\n<link rel=\"canonical\" href=\"https:\/\/nuriaflorensa.com\/ca\/contacte\/\" \/>\n<meta property=\"og:locale\" content=\"ca_ES\" \/>\n<meta property=\"og:type\" content=\"article\" \/>\n<meta property=\"og:title\" content=\"CONTACTE - Nuria Florensa\" \/>\n<meta property=\"og:description\" content=\"CONTACTE REPRESENTACI\u00d3 ART\u00cdSTICA: Agent: Lis Vida lis.vida@gmail.com +34 691 55 72 29 CONTACTE PERSONAL: N\u00faria Florensa nuriaflorensa@gmail.com Instagram Youtube\" \/>\n<meta property=\"og:url\" content=\"https:\/\/nuriaflorensa.com\/ca\/contacte\/\" \/>\n<meta property=\"og:site_name\" content=\"Nuria Florensa\" \/>\n<meta property=\"article:modified_time\" content=\"2026-02-25T09:54:46+00:00\" \/>\n<meta property=\"og:image\" content=\"https:\/\/nuriaflorensa.com\/wp-content\/uploads\/2025\/09\/2025_03_20-110-683x1024.jpg\" \/>\n<meta name=\"twitter:card\" content=\"summary_large_image\" \/>\n<meta name=\"twitter:label1\" content=\"Temps estimat de lectura\" \/>\n\t<meta name=\"twitter:data1\" content=\"1 minut\" \/>\n<script type=\"application\/ld+json\" class=\"yoast-schema-graph\">{\"@context\":\"https:\/\/schema.org\",\"@graph\":[{\"@type\":\"WebPage\",\"@id\":\"https:\/\/nuriaflorensa.com\/ca\/contacte\/\",\"url\":\"https:\/\/nuriaflorensa.com\/ca\/contacte\/\",\"name\":\"CONTACTE - Nuria Florensa\",\"isPartOf\":{\"@id\":\"https:\/\/nuriaflorensa.com\/ca\/#website\"},\"primaryImageOfPage\":{\"@id\":\"https:\/\/nuriaflorensa.com\/ca\/contacte\/#primaryimage\"},\"image\":{\"@id\":\"https:\/\/nuriaflorensa.com\/ca\/contacte\/#primaryimage\"},\"thumbnailUrl\":\"https:\/\/nuriaflorensa.com\/wp-content\/uploads\/2025\/09\/2025_03_20-110-683x1024.jpg\",\"datePublished\":\"2025-09-01T12:40:19+00:00\",\"dateModified\":\"2026-02-25T09:54:46+00:00\",\"breadcrumb\":{\"@id\":\"https:\/\/nuriaflorensa.com\/ca\/contacte\/#breadcrumb\"},\"inLanguage\":\"ca\",\"potentialAction\":[{\"@type\":\"ReadAction\",\"target\":[\"https:\/\/nuriaflorensa.com\/ca\/contacte\/\"]}]},{\"@type\":\"ImageObject\",\"inLanguage\":\"ca\",\"@id\":\"https:\/\/nuriaflorensa.com\/ca\/contacte\/#primaryimage\",\"url\":\"https:\/\/nuriaflorensa.com\/wp-content\/uploads\/2025\/09\/2025_03_20-110-683x1024.jpg\",\"contentUrl\":\"https:\/\/nuriaflorensa.com\/wp-content\/uploads\/2025\/09\/2025_03_20-110-683x1024.jpg\"},{\"@type\":\"BreadcrumbList\",\"@id\":\"https:\/\/nuriaflorensa.com\/ca\/contacte\/#breadcrumb\",\"itemListElement\":[{\"@type\":\"ListItem\",\"position\":1,\"name\":\"Portada\",\"item\":\"https:\/\/nuriaflorensa.com\/ca\/\"},{\"@type\":\"ListItem\",\"position\":2,\"name\":\"CONTACTE\"}]},{\"@type\":\"WebSite\",\"@id\":\"https:\/\/nuriaflorensa.com\/ca\/#website\",\"url\":\"https:\/\/nuriaflorensa.com\/ca\/\",\"name\":\"Nuria Florensa\",\"description\":\"Actriz\",\"publisher\":{\"@id\":\"https:\/\/nuriaflorensa.com\/ca\/#organization\"},\"potentialAction\":[{\"@type\":\"SearchAction\",\"target\":{\"@type\":\"EntryPoint\",\"urlTemplate\":\"https:\/\/nuriaflorensa.com\/ca\/?s={search_term_string}\"},\"query-input\":{\"@type\":\"PropertyValueSpecification\",\"valueRequired\":true,\"valueName\":\"search_term_string\"}}],\"inLanguage\":\"ca\"},{\"@type\":\"Organization\",\"@id\":\"https:\/\/nuriaflorensa.com\/ca\/#organization\",\"name\":\"Nuria Florensa\",\"url\":\"https:\/\/nuriaflorensa.com\/ca\/\",\"logo\":{\"@type\":\"ImageObject\",\"inLanguage\":\"ca\",\"@id\":\"https:\/\/nuriaflorensa.com\/ca\/#\/schema\/logo\/image\/\",\"url\":\"https:\/\/nuriaflorensa.com\/wp-content\/uploads\/2025\/09\/Logo-nuriasaaaa-e1761036447818.png\",\"contentUrl\":\"https:\/\/nuriaflorensa.com\/wp-content\/uploads\/2025\/09\/Logo-nuriasaaaa-e1761036447818.png\",\"width\":2240,\"height\":242,\"caption\":\"Nuria Florensa\"},\"image\":{\"@id\":\"https:\/\/nuriaflorensa.com\/ca\/#\/schema\/logo\/image\/\"}}]}<\/script>\n<!-- \/ Yoast SEO plugin. -->","yoast_head_json":{"title":"CONTACTE - Nuria Florensa","robots":{"index":"index","follow":"follow","max-snippet":"max-snippet:-1","max-image-preview":"max-image-preview:large","max-video-preview":"max-video-preview:-1"},"canonical":"https:\/\/nuriaflorensa.com\/ca\/contacte\/","og_locale":"ca_ES","og_type":"article","og_title":"CONTACTE - Nuria Florensa","og_description":"CONTACTE REPRESENTACI\u00d3 ART\u00cdSTICA: Agent: Lis Vida lis.vida@gmail.com +34 691 55 72 29 CONTACTE PERSONAL: N\u00faria Florensa nuriaflorensa@gmail.com Instagram Youtube","og_url":"https:\/\/nuriaflorensa.com\/ca\/contacte\/","og_site_name":"Nuria Florensa","article_modified_time":"2026-02-25T09:54:46+00:00","og_image":[{"url":"https:\/\/nuriaflorensa.com\/wp-content\/uploads\/2025\/09\/2025_03_20-110-683x1024.jpg","type":"","width":"","height":""}],"twitter_card":"summary_large_image","twitter_misc":{"Temps estimat de lectura":"1 minut"},"schema":{"@context":"https:\/\/schema.org","@graph":[{"@type":"WebPage","@id":"https:\/\/nuriaflorensa.com\/ca\/contacte\/","url":"https:\/\/nuriaflorensa.com\/ca\/contacte\/","name":"CONTACTE - Nuria Florensa","isPartOf":{"@id":"https:\/\/nuriaflorensa.com\/ca\/#website"},"primaryImageOfPage":{"@id":"https:\/\/nuriaflorensa.com\/ca\/contacte\/#primaryimage"},"image":{"@id":"https:\/\/nuriaflorensa.com\/ca\/contacte\/#primaryimage"},"thumbnailUrl":"https:\/\/nuriaflorensa.com\/wp-content\/uploads\/2025\/09\/2025_03_20-110-683x1024.jpg","datePublished":"2025-09-01T12:40:19+00:00","dateModified":"2026-02-25T09:54:46+00:00","breadcrumb":{"@id":"https:\/\/nuriaflorensa.com\/ca\/contacte\/#breadcrumb"},"inLanguage":"ca","potentialAction":[{"@type":"ReadAction","target":["https:\/\/nuriaflorensa.com\/ca\/contacte\/"]}]},{"@type":"ImageObject","inLanguage":"ca","@id":"https:\/\/nuriaflorensa.com\/ca\/contacte\/#primaryimage","url":"https:\/\/nuriaflorensa.com\/wp-content\/uploads\/2025\/09\/2025_03_20-110-683x1024.jpg","contentUrl":"https:\/\/nuriaflorensa.com\/wp-content\/uploads\/2025\/09\/2025_03_20-110-683x1024.jpg"},{"@type":"BreadcrumbList","@id":"https:\/\/nuriaflorensa.com\/ca\/contacte\/#breadcrumb","itemListElement":[{"@type":"ListItem","position":1,"name":"Portada","item":"https:\/\/nuriaflorensa.com\/ca\/"},{"@type":"ListItem","position":2,"name":"CONTACTE"}]},{"@type":"WebSite","@id":"https:\/\/nuriaflorensa.com\/ca\/#website","url":"https:\/\/nuriaflorensa.com\/ca\/","name":"Nuria Florensa","description":"Actriz","publisher":{"@id":"https:\/\/nuriaflorensa.com\/ca\/#organization"},"potentialAction":[{"@type":"SearchAction","target":{"@type":"EntryPoint","urlTemplate":"https:\/\/nuriaflorensa.com\/ca\/?s={search_term_string}"},"query-input":{"@type":"PropertyValueSpecification","valueRequired":true,"valueName":"search_term_string"}}],"inLanguage":"ca"},{"@type":"Organization","@id":"https:\/\/nuriaflorensa.com\/ca\/#organization","name":"Nuria Florensa","url":"https:\/\/nuriaflorensa.com\/ca\/","logo":{"@type":"ImageObject","inLanguage":"ca","@id":"https:\/\/nuriaflorensa.com\/ca\/#\/schema\/logo\/image\/","url":"https:\/\/nuriaflorensa.com\/wp-content\/uploads\/2025\/09\/Logo-nuriasaaaa-e1761036447818.png","contentUrl":"https:\/\/nuriaflorensa.com\/wp-content\/uploads\/2025\/09\/Logo-nuriasaaaa-e1761036447818.png","width":2240,"height":242,"caption":"Nuria Florensa"},"image":{"@id":"https:\/\/nuriaflorensa.com\/ca\/#\/schema\/logo\/image\/"}}]}},"_links":{"self":[{"href":"https:\/\/nuriaflorensa.com\/ca\/wp-json\/wp\/v2\/pages\/21","targetHints":{"allow":["GET"]}}],"collection":[{"href":"https:\/\/nuriaflorensa.com\/ca\/wp-json\/wp\/v2\/pages"}],"about":[{"href":"https:\/\/nuriaflorensa.com\/ca\/wp-json\/wp\/v2\/types\/page"}],"author":[{"embeddable":true,"href":"https:\/\/nuriaflorensa.com\/ca\/wp-json\/wp\/v2\/users\/1"}],"replies":[{"embeddable":true,"href":"https:\/\/nuriaflorensa.com\/ca\/wp-json\/wp\/v2\/comments?post=21"}],"version-history":[{"count":147,"href":"https:\/\/nuriaflorensa.com\/ca\/wp-json\/wp\/v2\/pages\/21\/revisions"}],"predecessor-version":[{"id":2058,"href":"https:\/\/nuriaflorensa.com\/ca\/wp-json\/wp\/v2\/pages\/21\/revisions\/2058"}],"wp:attachment":[{"href":"https:\/\/nuriaflorensa.com\/ca\/wp-json\/wp\/v2\/media?parent=21"}],"curies":[{"name":"wp","href":"https:\/\/api.w.org\/{rel}","templated":true}]}}