{"id":293,"date":"2025-09-05T14:00:23","date_gmt":"2025-09-05T14:00:23","guid":{"rendered":"https:\/\/nuriaflorensa.com\/?page_id=293"},"modified":"2026-02-25T09:37:55","modified_gmt":"2026-02-25T09:37:55","slug":"directora","status":"publish","type":"page","link":"https:\/\/nuriaflorensa.com\/ca\/directora\/","title":{"rendered":"DIRECTORA"},"content":{"rendered":"\t\t<div data-elementor-type=\"wp-page\" data-elementor-id=\"293\" class=\"elementor elementor-293\" data-elementor-post-type=\"page\">\n\t\t\t\t<div class=\"elementor-element elementor-element-75a65ee e-flex e-con-boxed e-con e-parent\" data-id=\"75a65ee\" data-element_type=\"container\">\n\t\t\t\t\t<div class=\"e-con-inner\">\n\t\t\t\t<div class=\"elementor-element elementor-element-8919729 elementor-widget elementor-widget-spacer\" data-id=\"8919729\" data-element_type=\"widget\" data-widget_type=\"spacer.default\">\n\t\t\t\t\t\t\t<div class=\"elementor-spacer\">\n\t\t\t<div class=\"elementor-spacer-inner\"><\/div>\n\t\t<\/div>\n\t\t\t\t\t\t<\/div>\n\t\t\t\t<div class=\"elementor-element elementor-element-1488547 elementor-widget elementor-widget-heading\" data-id=\"1488547\" data-element_type=\"widget\" data-widget_type=\"heading.default\">\n\t\t\t\t\t<h4 class=\"elementor-heading-title elementor-size-default\">DIRECTORA<\/h4>\t\t\t\t<\/div>\n\t\t\t\t\t<\/div>\n\t\t\t\t<\/div>\n\t\t<div class=\"elementor-element elementor-element-3432722 e-flex e-con-boxed e-con e-parent\" data-id=\"3432722\" data-element_type=\"container\">\n\t\t\t\t\t<div class=\"e-con-inner\">\n\t\t<div class=\"elementor-element elementor-element-8a3bf57 e-con-full e-flex e-con e-child\" data-id=\"8a3bf57\" data-element_type=\"container\">\n\t\t\t\t<div class=\"elementor-element elementor-element-04d207f elementor-position-top elementor-widget elementor-widget-image-box\" data-id=\"04d207f\" data-element_type=\"widget\" data-widget_type=\"image-box.default\">\n\t\t\t\t\t<div class=\"elementor-image-box-wrapper\"><figure class=\"elementor-image-box-img\"><a href=\"https:\/\/teatregaudibarcelona.com\/calendari\/solstici-2\/\" tabindex=\"-1\"><img fetchpriority=\"high\" decoding=\"async\" width=\"1810\" height=\"2560\" src=\"https:\/\/nuriaflorensa.com\/wp-content\/uploads\/2025\/09\/2023-SOLSTICI-Teatre-Gaudi-scaled.jpg\" class=\"attachment-full size-full wp-image-994\" alt=\"2023 - SOLSTICI - Teatre Gaudi\u0301\" srcset=\"https:\/\/nuriaflorensa.com\/wp-content\/uploads\/2025\/09\/2023-SOLSTICI-Teatre-Gaudi-scaled.jpg 1810w, https:\/\/nuriaflorensa.com\/wp-content\/uploads\/2025\/09\/2023-SOLSTICI-Teatre-Gaudi-212x300.jpg 212w, https:\/\/nuriaflorensa.com\/wp-content\/uploads\/2025\/09\/2023-SOLSTICI-Teatre-Gaudi-724x1024.jpg 724w, https:\/\/nuriaflorensa.com\/wp-content\/uploads\/2025\/09\/2023-SOLSTICI-Teatre-Gaudi-768x1086.jpg 768w, https:\/\/nuriaflorensa.com\/wp-content\/uploads\/2025\/09\/2023-SOLSTICI-Teatre-Gaudi-1086x1536.jpg 1086w, https:\/\/nuriaflorensa.com\/wp-content\/uploads\/2025\/09\/2023-SOLSTICI-Teatre-Gaudi-1448x2048.jpg 1448w\" sizes=\"(max-width: 1810px) 100vw, 1810px\" \/><\/a><\/figure><div class=\"elementor-image-box-content\"><h4 class=\"elementor-image-box-title\"><a href=\"https:\/\/teatregaudibarcelona.com\/calendari\/solstici-2\/\">Solstici<\/a><\/h4><p class=\"elementor-image-box-description\">2023 I Codirecci\u00f3 amb Ra\u00fcl Tortosa. Cia. Inevitables. Teatre Gaud\u00ed<\/p><\/div><\/div>\t\t\t\t<\/div>\n\t\t\t\t<\/div>\n\t\t<div class=\"elementor-element elementor-element-9f866d6 e-con-full e-flex e-con e-child\" data-id=\"9f866d6\" data-element_type=\"container\">\n\t\t\t\t<div class=\"elementor-element elementor-element-c5b6afd elementor-position-top elementor-widget elementor-widget-image-box\" data-id=\"c5b6afd\" data-element_type=\"widget\" data-widget_type=\"image-box.default\">\n\t\t\t\t\t<div class=\"elementor-image-box-wrapper\"><figure class=\"elementor-image-box-img\"><a href=\"https:\/\/tantarantana.com\/production\/nyotaimori\/\" tabindex=\"-1\"><img decoding=\"async\" width=\"1826\" height=\"2560\" src=\"https:\/\/nuriaflorensa.com\/wp-content\/uploads\/2025\/09\/2022-NYOTAIMORI-ESPINES-DEL-SISTEMA-Teatre-Tantarantana-scaled.jpg\" class=\"attachment-full size-full wp-image-993\" alt=\"2022 - NYOTAIMORI, ESPINES DEL SISTEMA - Teatre Tantarantana\" srcset=\"https:\/\/nuriaflorensa.com\/wp-content\/uploads\/2025\/09\/2022-NYOTAIMORI-ESPINES-DEL-SISTEMA-Teatre-Tantarantana-scaled.jpg 1826w, https:\/\/nuriaflorensa.com\/wp-content\/uploads\/2025\/09\/2022-NYOTAIMORI-ESPINES-DEL-SISTEMA-Teatre-Tantarantana-214x300.jpg 214w, https:\/\/nuriaflorensa.com\/wp-content\/uploads\/2025\/09\/2022-NYOTAIMORI-ESPINES-DEL-SISTEMA-Teatre-Tantarantana-730x1024.jpg 730w, https:\/\/nuriaflorensa.com\/wp-content\/uploads\/2025\/09\/2022-NYOTAIMORI-ESPINES-DEL-SISTEMA-Teatre-Tantarantana-768x1077.jpg 768w, https:\/\/nuriaflorensa.com\/wp-content\/uploads\/2025\/09\/2022-NYOTAIMORI-ESPINES-DEL-SISTEMA-Teatre-Tantarantana-1096x1536.jpg 1096w, https:\/\/nuriaflorensa.com\/wp-content\/uploads\/2025\/09\/2022-NYOTAIMORI-ESPINES-DEL-SISTEMA-Teatre-Tantarantana-1461x2048.jpg 1461w\" sizes=\"(max-width: 1826px) 100vw, 1826px\" \/><\/a><\/figure><div class=\"elementor-image-box-content\"><h4 class=\"elementor-image-box-title\"><a href=\"https:\/\/tantarantana.com\/production\/nyotaimori\/\">Nyotaimori, espines del sistema<\/a><\/h4><p class=\"elementor-image-box-description\">2022 I Cia. La Mai\u00e8utica. Teatre Tantarantana\n<\/p><\/div><\/div>\t\t\t\t<\/div>\n\t\t\t\t<\/div>\n\t\t<div class=\"elementor-element elementor-element-81cb027 e-con-full e-flex e-con e-child\" data-id=\"81cb027\" data-element_type=\"container\">\n\t\t\t\t<div class=\"elementor-element elementor-element-6f99ab0 elementor-position-top elementor-widget elementor-widget-image-box\" data-id=\"6f99ab0\" data-element_type=\"widget\" data-widget_type=\"image-box.default\">\n\t\t\t\t\t<div class=\"elementor-image-box-wrapper\"><figure class=\"elementor-image-box-img\"><a href=\"https:\/\/teatregaudibarcelona.com\/calendari\/ximpanze\/\" tabindex=\"-1\"><img decoding=\"async\" src=\"https:\/\/nuriaflorensa.com\/wp-content\/uploads\/elementor\/thumbs\/2021-XIMPANZE-Teatre-Gaudi-scaled-rcbit803sidpelfpho5ktmo4xqptgissn5ojgqo6ne.jpg\" title=\"2021 &#8211; XIMPANZE\u0301 &#8211; Teatre Gaudi\u0301\" alt=\"2021 - XIMPANZE\u0301 - Teatre Gaudi\u0301\" loading=\"lazy\" \/><\/a><\/figure><div class=\"elementor-image-box-content\"><h5 class=\"elementor-image-box-title\"><a href=\"https:\/\/teatregaudibarcelona.com\/calendari\/ximpanze\/\">Ximpanz\u00e9<\/a><\/h5><p class=\"elementor-image-box-description\">2021 I Codirecci\u00f3 amb Ra\u00fcl Tortosa. Cia. Inevitables. Teatre Gaud\u00ed\n<\/p><\/div><\/div>\t\t\t\t<\/div>\n\t\t\t\t<\/div>\n\t\t<div class=\"elementor-element elementor-element-aef81bd e-con-full e-flex e-con e-child\" data-id=\"aef81bd\" data-element_type=\"container\">\n\t\t\t\t<div class=\"elementor-element elementor-element-dceb61e elementor-position-top elementor-widget elementor-widget-image-box\" data-id=\"dceb61e\" data-element_type=\"widget\" data-widget_type=\"image-box.default\">\n\t\t\t\t\t<div class=\"elementor-image-box-wrapper\"><figure class=\"elementor-image-box-img\"><img decoding=\"async\" width=\"1587\" height=\"2245\" src=\"https:\/\/nuriaflorensa.com\/wp-content\/uploads\/2025\/09\/2022-DESAPARTELLATS-Festival-Test.jpg\" class=\"attachment-full size-full wp-image-992\" alt=\"\" srcset=\"https:\/\/nuriaflorensa.com\/wp-content\/uploads\/2025\/09\/2022-DESAPARTELLATS-Festival-Test.jpg 1587w, https:\/\/nuriaflorensa.com\/wp-content\/uploads\/2025\/09\/2022-DESAPARTELLATS-Festival-Test-212x300.jpg 212w, https:\/\/nuriaflorensa.com\/wp-content\/uploads\/2025\/09\/2022-DESAPARTELLATS-Festival-Test-724x1024.jpg 724w, https:\/\/nuriaflorensa.com\/wp-content\/uploads\/2025\/09\/2022-DESAPARTELLATS-Festival-Test-768x1086.jpg 768w, https:\/\/nuriaflorensa.com\/wp-content\/uploads\/2025\/09\/2022-DESAPARTELLATS-Festival-Test-1086x1536.jpg 1086w, https:\/\/nuriaflorensa.com\/wp-content\/uploads\/2025\/09\/2022-DESAPARTELLATS-Festival-Test-1448x2048.jpg 1448w\" sizes=\"(max-width: 1587px) 100vw, 1587px\" \/><\/figure><div class=\"elementor-image-box-content\"><h4 class=\"elementor-image-box-title\">Desaparellats<\/h4><p class=\"elementor-image-box-description\">2021 I Cia Low Cost. Festival Testimoni Esc\u00e8nic<\/p><\/div><\/div>\t\t\t\t<\/div>\n\t\t\t\t<\/div>\n\t\t<div class=\"elementor-element elementor-element-c1ee851 e-con-full e-flex e-con e-child\" data-id=\"c1ee851\" data-element_type=\"container\">\n\t\t\t\t<div class=\"elementor-element elementor-element-524422d elementor-position-top elementor-widget elementor-widget-image-box\" data-id=\"524422d\" data-element_type=\"widget\" data-widget_type=\"image-box.default\">\n\t\t\t\t\t<div class=\"elementor-image-box-wrapper\"><figure class=\"elementor-image-box-img\"><a href=\"https:\/\/teatregaudibarcelona.com\/calendari\/ferides\/\" tabindex=\"-1\"><img loading=\"lazy\" decoding=\"async\" width=\"857\" height=\"1212\" src=\"https:\/\/nuriaflorensa.com\/wp-content\/uploads\/2025\/09\/2020-FERIDES-Sala-Planeta-i-Teatre-Gaudi.jpeg\" class=\"attachment-full size-full wp-image-989\" alt=\"2020 - FERIDES - Sala Planeta i Teatre Gaudi\u0301\" srcset=\"https:\/\/nuriaflorensa.com\/wp-content\/uploads\/2025\/09\/2020-FERIDES-Sala-Planeta-i-Teatre-Gaudi.jpeg 857w, https:\/\/nuriaflorensa.com\/wp-content\/uploads\/2025\/09\/2020-FERIDES-Sala-Planeta-i-Teatre-Gaudi-212x300.jpeg 212w, https:\/\/nuriaflorensa.com\/wp-content\/uploads\/2025\/09\/2020-FERIDES-Sala-Planeta-i-Teatre-Gaudi-724x1024.jpeg 724w, https:\/\/nuriaflorensa.com\/wp-content\/uploads\/2025\/09\/2020-FERIDES-Sala-Planeta-i-Teatre-Gaudi-768x1086.jpeg 768w\" sizes=\"(max-width: 857px) 100vw, 857px\" \/><\/a><\/figure><div class=\"elementor-image-box-content\"><h4 class=\"elementor-image-box-title\"><a href=\"https:\/\/teatregaudibarcelona.com\/calendari\/ferides\/\">Ferides<\/a><\/h4><p class=\"elementor-image-box-description\">2020 I Cia. La G\u00e0rgola. Sala planeta, Teatre Gaud\u00ed \n<\/p><\/div><\/div>\t\t\t\t<\/div>\n\t\t\t\t<\/div>\n\t\t<div class=\"elementor-element elementor-element-f5f3bcb e-con-full e-flex e-con e-child\" data-id=\"f5f3bcb\" data-element_type=\"container\">\n\t\t\t\t<div class=\"elementor-element elementor-element-c378641 elementor-position-top elementor-widget elementor-widget-image-box\" data-id=\"c378641\" data-element_type=\"widget\" data-widget_type=\"image-box.default\">\n\t\t\t\t\t<div class=\"elementor-image-box-wrapper\"><figure class=\"elementor-image-box-img\"><img loading=\"lazy\" decoding=\"async\" width=\"454\" height=\"641\" src=\"https:\/\/nuriaflorensa.com\/wp-content\/uploads\/2025\/09\/2019-MALA-PECA-Festival-Test.jpg\" class=\"attachment-full size-full wp-image-988\" alt=\"\" srcset=\"https:\/\/nuriaflorensa.com\/wp-content\/uploads\/2025\/09\/2019-MALA-PECA-Festival-Test.jpg 454w, https:\/\/nuriaflorensa.com\/wp-content\/uploads\/2025\/09\/2019-MALA-PECA-Festival-Test-212x300.jpg 212w\" sizes=\"(max-width: 454px) 100vw, 454px\" \/><\/figure><div class=\"elementor-image-box-content\"><h5 class=\"elementor-image-box-title\">Mala Pe\u00e7a<\/h5><p class=\"elementor-image-box-description\">2020 I Cia. Imprevist Teatre. Festival Testimoni Esc\u00e8nic\n<\/p><\/div><\/div>\t\t\t\t<\/div>\n\t\t\t\t<\/div>\n\t\t\t\t\t<\/div>\n\t\t\t\t<\/div>\n\t\t<div class=\"elementor-element elementor-element-0ac67ec e-flex e-con-boxed e-con e-parent\" data-id=\"0ac67ec\" data-element_type=\"container\">\n\t\t\t\t\t<div class=\"e-con-inner\">\n\t\t\t\t<div class=\"elementor-element elementor-element-5c9be09 elementor-widget elementor-widget-spacer\" data-id=\"5c9be09\" data-element_type=\"widget\" data-widget_type=\"spacer.default\">\n\t\t\t\t\t\t\t<div class=\"elementor-spacer\">\n\t\t\t<div class=\"elementor-spacer-inner\"><\/div>\n\t\t<\/div>\n\t\t\t\t\t\t<\/div>\n\t\t\t\t\t<\/div>\n\t\t\t\t<\/div>\n\t\t<div class=\"elementor-element elementor-element-f784ea2 e-flex e-con-boxed e-con e-parent\" data-id=\"f784ea2\" data-element_type=\"container\">\n\t\t\t\t\t<div class=\"e-con-inner\">\n\t\t<div class=\"elementor-element elementor-element-12d2f85 e-con-full e-flex e-con e-child\" data-id=\"12d2f85\" data-element_type=\"container\">\n\t\t\t\t<div class=\"elementor-element elementor-element-bebb5da elementor-widget elementor-widget-image\" data-id=\"bebb5da\" data-element_type=\"widget\" data-widget_type=\"image.default\">\n\t\t\t\t\t\t\t\t\t\t\t\t\t\t\t<img loading=\"lazy\" decoding=\"async\" width=\"800\" height=\"223\" src=\"https:\/\/nuriaflorensa.com\/wp-content\/uploads\/2025\/10\/cia_inevitables_logo_negre-1024x285.png\" class=\"attachment-large size-large wp-image-1059\" alt=\"\" srcset=\"https:\/\/nuriaflorensa.com\/wp-content\/uploads\/2025\/10\/cia_inevitables_logo_negre-1024x285.png 1024w, https:\/\/nuriaflorensa.com\/wp-content\/uploads\/2025\/10\/cia_inevitables_logo_negre-300x84.png 300w, https:\/\/nuriaflorensa.com\/wp-content\/uploads\/2025\/10\/cia_inevitables_logo_negre-768x214.png 768w, https:\/\/nuriaflorensa.com\/wp-content\/uploads\/2025\/10\/cia_inevitables_logo_negre-1536x428.png 1536w, https:\/\/nuriaflorensa.com\/wp-content\/uploads\/2025\/10\/cia_inevitables_logo_negre-2048x570.png 2048w\" sizes=\"(max-width: 800px) 100vw, 800px\" \/>\t\t\t\t\t\t\t\t\t\t\t\t\t\t\t<\/div>\n\t\t\t\t<\/div>\n\t\t<div class=\"elementor-element elementor-element-2cddc19 e-con-full e-flex e-con e-child\" data-id=\"2cddc19\" data-element_type=\"container\">\n\t\t\t\t<div class=\"elementor-element elementor-element-5ceb20c elementor-widget elementor-widget-text-editor\" data-id=\"5ceb20c\" data-element_type=\"widget\" data-widget_type=\"text-editor.default\">\n\t\t\t\t\t\t\t\t\t<p style=\"text-align: left;\"><span style=\"font-weight: 400;\"><strong>Co-fundadora<\/strong> Companyia Inevitables<\/span><\/p>\t\t\t\t\t\t\t\t<\/div>\n\t\t\t\t<\/div>\n\t\t\t\t\t<\/div>\n\t\t\t\t<\/div>\n\t\t<div class=\"elementor-element elementor-element-a82cd7b e-flex e-con-boxed e-con e-parent\" data-id=\"a82cd7b\" data-element_type=\"container\">\n\t\t\t\t\t<div class=\"e-con-inner\">\n\t\t\t\t<div class=\"elementor-element elementor-element-63e70e9 elementor-widget elementor-widget-spacer\" data-id=\"63e70e9\" data-element_type=\"widget\" data-widget_type=\"spacer.default\">\n\t\t\t\t\t\t\t<div class=\"elementor-spacer\">\n\t\t\t<div class=\"elementor-spacer-inner\"><\/div>\n\t\t<\/div>\n\t\t\t\t\t\t<\/div>\n\t\t\t\t\t<\/div>\n\t\t\t\t<\/div>\n\t\t<div class=\"elementor-element elementor-element-f72208c e-flex e-con-boxed e-con e-parent\" data-id=\"f72208c\" data-element_type=\"container\" data-settings=\"{&quot;background_background&quot;:&quot;classic&quot;}\">\n\t\t\t\t\t<div class=\"e-con-inner\">\n\t\t<div class=\"elementor-element elementor-element-fd71c32 e-con-full e-flex e-con e-child\" data-id=\"fd71c32\" data-element_type=\"container\">\n\t\t\t\t<div class=\"elementor-element elementor-element-48d8f98 elementor-widget__width-inherit elementor-widget-tablet__width-inherit elementor-widget-mobile__width-inherit elementor-widget elementor-widget-text-editor\" data-id=\"48d8f98\" data-element_type=\"widget\" data-widget_type=\"text-editor.default\">\n\t\t\t\t\t\t\t\t\t<b>CONTACTE<\/b>\n<br>\nEscriu-me i parlem del teu projecte!\n<br>\n<br>\n<a href=\"mailto:nuriaflorensa@gmail.com\">\nnuriaflorensa@gmail.com<\/a>\n\t\t\t\t\t\t\t\t<\/div>\n\t\t\t\t<\/div>\n\t\t\t\t\t<\/div>\n\t\t\t\t<\/div>\n\t\t\t\t<\/div>\n\t\t","protected":false},"excerpt":{"rendered":"<p>DIRECTORA Solstici 2023 I Codirecci\u00f3 amb Ra\u00fcl Tortosa. Cia. Inevitables. Teatre Gaud\u00ed Nyotaimori, espines del sistema 2022 I Cia. La Mai\u00e8utica. Teatre Tantarantana Ximpanz\u00e9 2021 I Codirecci\u00f3 amb Ra\u00fcl Tortosa. Cia. Inevitables. Teatre Gaud\u00ed Desaparellats 2021 I Cia Low Cost. Festival Testimoni Esc\u00e8nic Ferides 2020 I Cia. La G\u00e0rgola. Sala planeta, Teatre Gaud\u00ed Mala Pe\u00e7a [&hellip;]<\/p>\n","protected":false},"author":1,"featured_media":0,"parent":0,"menu_order":0,"comment_status":"closed","ping_status":"closed","template":"","meta":{"footnotes":""},"class_list":["post-293","page","type-page","status-publish","hentry"],"yoast_head":"<!-- This site is optimized with the Yoast SEO plugin v26.2 - https:\/\/yoast.com\/wordpress\/plugins\/seo\/ -->\n<title>DIRECTORA - Nuria Florensa<\/title>\n<meta name=\"robots\" content=\"index, follow, max-snippet:-1, max-image-preview:large, max-video-preview:-1\" \/>\n<link rel=\"canonical\" href=\"https:\/\/nuriaflorensa.com\/ca\/directora\/\" \/>\n<meta property=\"og:locale\" content=\"ca_ES\" \/>\n<meta property=\"og:type\" content=\"article\" \/>\n<meta property=\"og:title\" content=\"DIRECTORA - Nuria Florensa\" \/>\n<meta property=\"og:description\" content=\"DIRECTORA Solstici 2023 I Codirecci\u00f3 amb Ra\u00fcl Tortosa. Cia. Inevitables. Teatre Gaud\u00ed Nyotaimori, espines del sistema 2022 I Cia. La Mai\u00e8utica. Teatre Tantarantana Ximpanz\u00e9 2021 I Codirecci\u00f3 amb Ra\u00fcl Tortosa. Cia. Inevitables. Teatre Gaud\u00ed Desaparellats 2021 I Cia Low Cost. Festival Testimoni Esc\u00e8nic Ferides 2020 I Cia. La G\u00e0rgola. Sala planeta, Teatre Gaud\u00ed Mala Pe\u00e7a [&hellip;]\" \/>\n<meta property=\"og:url\" content=\"https:\/\/nuriaflorensa.com\/ca\/directora\/\" \/>\n<meta property=\"og:site_name\" content=\"Nuria Florensa\" \/>\n<meta property=\"article:modified_time\" content=\"2026-02-25T09:37:55+00:00\" \/>\n<meta property=\"og:image\" content=\"https:\/\/nuriaflorensa.com\/wp-content\/uploads\/2025\/09\/2023-SOLSTICI-Teatre-Gaudi-scaled.jpg\" \/>\n\t<meta property=\"og:image:width\" content=\"1810\" \/>\n\t<meta property=\"og:image:height\" content=\"2560\" \/>\n\t<meta property=\"og:image:type\" content=\"image\/jpeg\" \/>\n<meta name=\"twitter:card\" content=\"summary_large_image\" \/>\n<meta name=\"twitter:label1\" content=\"Temps estimat de lectura\" \/>\n\t<meta name=\"twitter:data1\" content=\"2 minuts\" \/>\n<script type=\"application\/ld+json\" class=\"yoast-schema-graph\">{\"@context\":\"https:\/\/schema.org\",\"@graph\":[{\"@type\":\"WebPage\",\"@id\":\"https:\/\/nuriaflorensa.com\/ca\/directora\/\",\"url\":\"https:\/\/nuriaflorensa.com\/ca\/directora\/\",\"name\":\"DIRECTORA - Nuria Florensa\",\"isPartOf\":{\"@id\":\"https:\/\/nuriaflorensa.com\/ca\/#website\"},\"primaryImageOfPage\":{\"@id\":\"https:\/\/nuriaflorensa.com\/ca\/directora\/#primaryimage\"},\"image\":{\"@id\":\"https:\/\/nuriaflorensa.com\/ca\/directora\/#primaryimage\"},\"thumbnailUrl\":\"https:\/\/nuriaflorensa.com\/wp-content\/uploads\/2025\/09\/2023-SOLSTICI-Teatre-Gaudi-scaled.jpg\",\"datePublished\":\"2025-09-05T14:00:23+00:00\",\"dateModified\":\"2026-02-25T09:37:55+00:00\",\"breadcrumb\":{\"@id\":\"https:\/\/nuriaflorensa.com\/ca\/directora\/#breadcrumb\"},\"inLanguage\":\"ca\",\"potentialAction\":[{\"@type\":\"ReadAction\",\"target\":[\"https:\/\/nuriaflorensa.com\/ca\/directora\/\"]}]},{\"@type\":\"ImageObject\",\"inLanguage\":\"ca\",\"@id\":\"https:\/\/nuriaflorensa.com\/ca\/directora\/#primaryimage\",\"url\":\"https:\/\/nuriaflorensa.com\/wp-content\/uploads\/2025\/09\/2023-SOLSTICI-Teatre-Gaudi-scaled.jpg\",\"contentUrl\":\"https:\/\/nuriaflorensa.com\/wp-content\/uploads\/2025\/09\/2023-SOLSTICI-Teatre-Gaudi-scaled.jpg\"},{\"@type\":\"BreadcrumbList\",\"@id\":\"https:\/\/nuriaflorensa.com\/ca\/directora\/#breadcrumb\",\"itemListElement\":[{\"@type\":\"ListItem\",\"position\":1,\"name\":\"Portada\",\"item\":\"https:\/\/nuriaflorensa.com\/ca\/\"},{\"@type\":\"ListItem\",\"position\":2,\"name\":\"DIRECTORA\"}]},{\"@type\":\"WebSite\",\"@id\":\"https:\/\/nuriaflorensa.com\/ca\/#website\",\"url\":\"https:\/\/nuriaflorensa.com\/ca\/\",\"name\":\"Nuria Florensa\",\"description\":\"Actriz\",\"publisher\":{\"@id\":\"https:\/\/nuriaflorensa.com\/ca\/#organization\"},\"potentialAction\":[{\"@type\":\"SearchAction\",\"target\":{\"@type\":\"EntryPoint\",\"urlTemplate\":\"https:\/\/nuriaflorensa.com\/ca\/?s={search_term_string}\"},\"query-input\":{\"@type\":\"PropertyValueSpecification\",\"valueRequired\":true,\"valueName\":\"search_term_string\"}}],\"inLanguage\":\"ca\"},{\"@type\":\"Organization\",\"@id\":\"https:\/\/nuriaflorensa.com\/ca\/#organization\",\"name\":\"Nuria Florensa\",\"url\":\"https:\/\/nuriaflorensa.com\/ca\/\",\"logo\":{\"@type\":\"ImageObject\",\"inLanguage\":\"ca\",\"@id\":\"https:\/\/nuriaflorensa.com\/ca\/#\/schema\/logo\/image\/\",\"url\":\"https:\/\/nuriaflorensa.com\/wp-content\/uploads\/2025\/09\/Logo-nuriasaaaa-e1761036447818.png\",\"contentUrl\":\"https:\/\/nuriaflorensa.com\/wp-content\/uploads\/2025\/09\/Logo-nuriasaaaa-e1761036447818.png\",\"width\":2240,\"height\":242,\"caption\":\"Nuria Florensa\"},\"image\":{\"@id\":\"https:\/\/nuriaflorensa.com\/ca\/#\/schema\/logo\/image\/\"}}]}<\/script>\n<!-- \/ Yoast SEO plugin. -->","yoast_head_json":{"title":"DIRECTORA - Nuria Florensa","robots":{"index":"index","follow":"follow","max-snippet":"max-snippet:-1","max-image-preview":"max-image-preview:large","max-video-preview":"max-video-preview:-1"},"canonical":"https:\/\/nuriaflorensa.com\/ca\/directora\/","og_locale":"ca_ES","og_type":"article","og_title":"DIRECTORA - Nuria Florensa","og_description":"DIRECTORA Solstici 2023 I Codirecci\u00f3 amb Ra\u00fcl Tortosa. Cia. Inevitables. Teatre Gaud\u00ed Nyotaimori, espines del sistema 2022 I Cia. La Mai\u00e8utica. Teatre Tantarantana Ximpanz\u00e9 2021 I Codirecci\u00f3 amb Ra\u00fcl Tortosa. Cia. Inevitables. Teatre Gaud\u00ed Desaparellats 2021 I Cia Low Cost. Festival Testimoni Esc\u00e8nic Ferides 2020 I Cia. La G\u00e0rgola. Sala planeta, Teatre Gaud\u00ed Mala Pe\u00e7a [&hellip;]","og_url":"https:\/\/nuriaflorensa.com\/ca\/directora\/","og_site_name":"Nuria Florensa","article_modified_time":"2026-02-25T09:37:55+00:00","og_image":[{"width":1810,"height":2560,"url":"https:\/\/nuriaflorensa.com\/wp-content\/uploads\/2025\/09\/2023-SOLSTICI-Teatre-Gaudi-scaled.jpg","type":"image\/jpeg"}],"twitter_card":"summary_large_image","twitter_misc":{"Temps estimat de lectura":"2 minuts"},"schema":{"@context":"https:\/\/schema.org","@graph":[{"@type":"WebPage","@id":"https:\/\/nuriaflorensa.com\/ca\/directora\/","url":"https:\/\/nuriaflorensa.com\/ca\/directora\/","name":"DIRECTORA - Nuria Florensa","isPartOf":{"@id":"https:\/\/nuriaflorensa.com\/ca\/#website"},"primaryImageOfPage":{"@id":"https:\/\/nuriaflorensa.com\/ca\/directora\/#primaryimage"},"image":{"@id":"https:\/\/nuriaflorensa.com\/ca\/directora\/#primaryimage"},"thumbnailUrl":"https:\/\/nuriaflorensa.com\/wp-content\/uploads\/2025\/09\/2023-SOLSTICI-Teatre-Gaudi-scaled.jpg","datePublished":"2025-09-05T14:00:23+00:00","dateModified":"2026-02-25T09:37:55+00:00","breadcrumb":{"@id":"https:\/\/nuriaflorensa.com\/ca\/directora\/#breadcrumb"},"inLanguage":"ca","potentialAction":[{"@type":"ReadAction","target":["https:\/\/nuriaflorensa.com\/ca\/directora\/"]}]},{"@type":"ImageObject","inLanguage":"ca","@id":"https:\/\/nuriaflorensa.com\/ca\/directora\/#primaryimage","url":"https:\/\/nuriaflorensa.com\/wp-content\/uploads\/2025\/09\/2023-SOLSTICI-Teatre-Gaudi-scaled.jpg","contentUrl":"https:\/\/nuriaflorensa.com\/wp-content\/uploads\/2025\/09\/2023-SOLSTICI-Teatre-Gaudi-scaled.jpg"},{"@type":"BreadcrumbList","@id":"https:\/\/nuriaflorensa.com\/ca\/directora\/#breadcrumb","itemListElement":[{"@type":"ListItem","position":1,"name":"Portada","item":"https:\/\/nuriaflorensa.com\/ca\/"},{"@type":"ListItem","position":2,"name":"DIRECTORA"}]},{"@type":"WebSite","@id":"https:\/\/nuriaflorensa.com\/ca\/#website","url":"https:\/\/nuriaflorensa.com\/ca\/","name":"Nuria Florensa","description":"Actriz","publisher":{"@id":"https:\/\/nuriaflorensa.com\/ca\/#organization"},"potentialAction":[{"@type":"SearchAction","target":{"@type":"EntryPoint","urlTemplate":"https:\/\/nuriaflorensa.com\/ca\/?s={search_term_string}"},"query-input":{"@type":"PropertyValueSpecification","valueRequired":true,"valueName":"search_term_string"}}],"inLanguage":"ca"},{"@type":"Organization","@id":"https:\/\/nuriaflorensa.com\/ca\/#organization","name":"Nuria Florensa","url":"https:\/\/nuriaflorensa.com\/ca\/","logo":{"@type":"ImageObject","inLanguage":"ca","@id":"https:\/\/nuriaflorensa.com\/ca\/#\/schema\/logo\/image\/","url":"https:\/\/nuriaflorensa.com\/wp-content\/uploads\/2025\/09\/Logo-nuriasaaaa-e1761036447818.png","contentUrl":"https:\/\/nuriaflorensa.com\/wp-content\/uploads\/2025\/09\/Logo-nuriasaaaa-e1761036447818.png","width":2240,"height":242,"caption":"Nuria Florensa"},"image":{"@id":"https:\/\/nuriaflorensa.com\/ca\/#\/schema\/logo\/image\/"}}]}},"_links":{"self":[{"href":"https:\/\/nuriaflorensa.com\/ca\/wp-json\/wp\/v2\/pages\/293","targetHints":{"allow":["GET"]}}],"collection":[{"href":"https:\/\/nuriaflorensa.com\/ca\/wp-json\/wp\/v2\/pages"}],"about":[{"href":"https:\/\/nuriaflorensa.com\/ca\/wp-json\/wp\/v2\/types\/page"}],"author":[{"embeddable":true,"href":"https:\/\/nuriaflorensa.com\/ca\/wp-json\/wp\/v2\/users\/1"}],"replies":[{"embeddable":true,"href":"https:\/\/nuriaflorensa.com\/ca\/wp-json\/wp\/v2\/comments?post=293"}],"version-history":[{"count":116,"href":"https:\/\/nuriaflorensa.com\/ca\/wp-json\/wp\/v2\/pages\/293\/revisions"}],"predecessor-version":[{"id":2051,"href":"https:\/\/nuriaflorensa.com\/ca\/wp-json\/wp\/v2\/pages\/293\/revisions\/2051"}],"wp:attachment":[{"href":"https:\/\/nuriaflorensa.com\/ca\/wp-json\/wp\/v2\/media?parent=293"}],"curies":[{"name":"wp","href":"https:\/\/api.w.org\/{rel}","templated":true}]}}