{"id":767,"date":"2025-09-25T09:00:26","date_gmt":"2025-09-25T09:00:26","guid":{"rendered":"https:\/\/nuriaflorensa.com\/declaracion-de-privacidad-ue\/"},"modified":"2025-11-21T18:37:36","modified_gmt":"2025-11-21T18:37:36","slug":"politica-de-privacidad","status":"publish","type":"page","link":"https:\/\/nuriaflorensa.com\/ca\/politica-de-privacidad\/","title":{"rendered":"Pol\u00edtica de privacidad"},"content":{"rendered":"\t\t<div data-elementor-type=\"wp-page\" data-elementor-id=\"767\" class=\"elementor elementor-767\" data-elementor-post-type=\"page\">\n\t\t\t\t<div class=\"elementor-element elementor-element-b8860db e-flex e-con-boxed e-con e-parent\" data-id=\"b8860db\" data-element_type=\"container\">\n\t\t\t\t\t<div class=\"e-con-inner\">\n\t\t<div class=\"elementor-element elementor-element-2279e7e e-con-full e-flex e-con e-child\" data-id=\"2279e7e\" data-element_type=\"container\">\n\t\t\t\t<div class=\"elementor-element elementor-element-d6f6709 elementor-widget__width-initial elementor-widget elementor-widget-heading\" data-id=\"d6f6709\" data-element_type=\"widget\" data-widget_type=\"heading.default\">\n\t\t\t\t\t<h1 class=\"elementor-heading-title elementor-size-default\">Pol\u00edtica de privacidad<\/h1>\t\t\t\t<\/div>\n\t\t\t\t<\/div>\n\t\t\t\t\t<\/div>\n\t\t\t\t<\/div>\n\t\t<div class=\"elementor-element elementor-element-7910a63 e-flex e-con-boxed e-con e-parent\" data-id=\"7910a63\" data-element_type=\"container\">\n\t\t\t\t\t<div class=\"e-con-inner\">\n\t\t\t\t<div class=\"elementor-element elementor-element-3335f962 elementor-widget elementor-widget-shortcode\" data-id=\"3335f962\" data-element_type=\"widget\" data-widget_type=\"shortcode.default\">\n\t\t\t\t\t\t\t<div class=\"elementor-shortcode\">\n<!-- Legal document generated by Complianz | GDPR\/CCPA Cookie Consent https:\/\/wordpress.org\/plugins\/complianz-gdpr -->\n<div id=\"cmplz-document\" class=\"cmplz-document privacy-statement cmplz-document-eu\"><p><i>Aquesta declaraci\u00f3 de privadesa es va actualitzar per \u00faltima vegada el 21\/11\/2025 i s'aplica als ciutadans i residents permanents legals de l'Espai Econ\u00f2mic Europeu i Su\u00efssa.<\/i><br \/><br \/><\/p><p><p>En aquesta declaraci\u00f3 de privadesa, expliquem qu\u00e8 fem amb les dades que obtenim sobre vost\u00e8 a trav\u00e9s de <a href=\"https:\/\/nuriaflorensa.com\/ca\/\">https:\/\/nuriaflorensa.com\/ca\/<\/a>. Us recomanem que llegiu atentament aquesta declaraci\u00f3. En el nostre tractament complim amb els requisits de la legislaci\u00f3 de privadesa. Aix\u00f2 vol dir, entre altres coses, que:   <\/p><ul>\n                <li>indiquem clarament les finalitats per a les quals tractem les dades personals. Ho fem mitjan\u00e7ant aquesta declaraci\u00f3 de privadesa; <\/li>\n                <li>pretenem limitar la nostra recollida de dades personals nom\u00e9s a les dades personals necess\u00e0ries per a finalitats leg\u00edtimes;<\/li>\n                <li>primer demanem el vostre consentiment expl\u00edcit per tractar les vostres dades personals en els casos que requereixin el vostre consentiment;<\/li>\n                <li>prenem les mesures de seguretat adequades per protegir les vostres dades personals i tamb\u00e9 ho exigim a les parts que tracten dades personals en nom nostre;<\/li>\n                <li>respectem el teu dret a accedir a les teves dades personals o a fer-les corregir o suprimir, a petici\u00f3 teva.<\/li>\n            <\/ul><p>Si teniu cap pregunta o voleu saber exactament quines dades conservem de vosaltres, poseu-vos en contacte amb nosaltres.<\/p><\/p><h2>1. Finalitat, dades i per\u00edode de conservaci\u00f3<\/h2>Podem recopilar o rebre informaci\u00f3 personal per a una s\u00e8rie de finalitats relacionades amb les nostres operacions comercials, que poden incloure les seg\u00fcents: (feu clic per ampliar)<details class=\"cmplz-dropdown dropdown-privacy-statement\"><summary><div><h3>1.1 Contacte: per tel\u00e8fon, correu electr\u00f2nic, correu electr\u00f2nic i\/o formularis web<\/h3><\/div><\/summary><p class=\"cmplz-subtitle\">Amb aquesta finalitat utilitzem les seg\u00fcents dades:<\/p><p><ul><li>Un n\u00famero de tel\u00e8fon<\/li><li>Una adre\u00e7a de correu electr\u00f2nic<\/li><li>Un nom i cognom<\/li><\/ul><\/p><p class=\"cmplz-subtitle\">La base sobre la qual podem tractar aquestes dades \u00e9s:<\/p><p><a target=\"_blank\" rel=\"noopener noreferrer nofollow\" href=\"https:\/\/cookiedatabase.org\/legal-bases\/#consent\">A la prestaci\u00f3 del consentiment.<\/a><\/p><p class=\"cmplz-subtitle\">Per\u00edode de retenci\u00f3<\/p><p>Conservem aquestes dades fins que finalitzi el servei.<\/p><\/details><h2>2. Galetes<\/h2><p>El nostre lloc web utilitza cookies. Per obtenir m\u00e9s informaci\u00f3 sobre les galetes, consulteu la nostra <a href=\"https:\/\/nuriaflorensa.com\/ca\/politica-de-cookies\/\">Pol\u00edtica de galetes<\/a>. &nbsp;<\/p><h2>3. Pr\u00e0ctiques de divulgaci\u00f3<\/h2><p><p>Revelem informaci\u00f3 personal si la llei o una ordre judicial ens ho exigeixen, en resposta a una ag\u00e8ncia d'aplicaci\u00f3 de la llei, en la mesura que ho permeten altres disposicions de la llei, per proporcionar informaci\u00f3 o per a una investigaci\u00f3 sobre una q\u00fcesti\u00f3 relacionada amb la seguretat p\u00fablica.<\/p><p>Si el nostre lloc web o organitzaci\u00f3 s'adquireix, ven o participa en una fusi\u00f3 o adquisici\u00f3, les vostres dades es poden revelar als nostres assessors i a qualsevol comprador potencial i es transmetran als nous propietaris.<\/p><\/p><h2>4. Seguretat<\/h2><p>Estem compromesos amb la seguretat de les dades personals. Prenem les mesures de seguretat adequades per limitar l'ab\u00fas i l'acc\u00e9s no autoritzat a les dades personals. Aix\u00f2 garanteix que nom\u00e9s les persones necess\u00e0ries tinguin acc\u00e9s a les vostres dades, que l'acc\u00e9s a les dades estigui protegit i que les nostres mesures de seguretat es revisen peri\u00f2dicament.  <\/p><h2>5. Llocs web de tercers<\/h2><p>Aquesta declaraci\u00f3 de privadesa no s'aplica als llocs web de tercers connectats mitjan\u00e7ant enlla\u00e7os al nostre lloc web. No podem garantir que aquests tercers gestionen les vostres dades personals d'una manera fiable o segura. Us recomanem que llegiu les declaracions de privadesa d'aquests llocs web abans de fer \u00fas d'aquests llocs web.  <\/p><h2>6. Esmenes a aquesta declaraci\u00f3 de privadesa<\/h2><p>Ens reservem el dret de fer esmenes a aquesta declaraci\u00f3 de privadesa. Es recomana que consulteu aquesta declaraci\u00f3 de privadesa peri\u00f2dicament per tal d'estar al corrent de qualsevol canvi. A m\u00e9s, us informarem activament sempre que sigui possible.  <\/p><h2>7. Acc\u00e9s i modificaci\u00f3 de les teves dades<\/h2><p>Si teniu cap pregunta o voleu saber quines dades personals tenim sobre vosaltres, poseu-vos en contacte amb nosaltres. Pots contactar amb nosaltres utilitzant la informaci\u00f3 seg\u00fcent. Teniu els seg\u00fcents drets:  <\/p><ul>\n                <li>Teniu dret a saber per qu\u00e8 es necessiten les vostres dades personals, qu\u00e8 hi passar\u00e0 i quant de temps es conservaran.<\/li>\n                <li>Dret d'acc\u00e9s: tens dret a accedir a les teves dades personals que coneixem.<\/li>\n                <li>Dret de rectificaci\u00f3: t\u00e9 dret a complementar, corregir, suprimir o bloquejar les seves dades personals sempre que ho desitgi.<\/li>\n                <li>Si ens doneu el vostre consentiment per tractar les vostres dades, teniu dret a revocar aquest consentiment i a que se suprimeixin les vostres dades personals.<\/li>\n                <li>Dret a cedir les seves dades: t\u00e9 dret a sol\u00b7licitar totes les seves dades personals al responsable del tractament i transferir-les \u00edntegrament a un altre responsable.<\/li>\n                <li>Dret d'oposici\u00f3: podeu oposar-vos al tractament de les vostres dades. Complim amb aix\u00f2, llevat que hi hagi motius justificats per al tractament. <\/li>\n            <\/ul><p>Si us plau, assegureu-vos d'indicar sempre clarament qui sou, de manera que puguem estar segurs que no modifiquem ni eliminem cap dada de la persona equivocada.<\/p><h2>8. Presentaci\u00f3 d&#039;una queixa<\/h2><p>Si no est\u00e0 satisfet amb la forma en qu\u00e8 tractem (una queixa sobre) el tractament de les seves dades personals, t\u00e9 dret a presentar una reclamaci\u00f3 davant l'Autoritat de Protecci\u00f3 de Dades.<\/p><h2>9. Dades de contacte<\/h2><p>N\u00faria Florensa<br \/>\n        Barcelona, 08005, Espa\u00f1a<br \/>\n        Espanya<br \/>\n        Lloc web: <a href=\"https:\/\/nuriaflorensa.com\/ca\/\">https:\/\/nuriaflorensa.com\/ca\/<\/a> <br \/>\n        Correu electr\u00f2nic: <span class=\"cmplz-obfuscate\">&#110;u&#114;&#105;&#097;f&#108;o&#114;&#101;&#110;&#115;&#097;@<span class=\"cmplz-fmail-domain\">&#101;&#120;&#046;co&#109;<\/span>g&#109;a&#105;&#108;.&#099;om<\/span> <br \/>\n        <\/p><\/div><\/div>\n\t\t\t\t\t\t<\/div>\n\t\t\t\t\t<\/div>\n\t\t\t\t<\/div>\n\t\t\t\t<\/div>\n\t\t","protected":false},"excerpt":{"rendered":"","protected":false},"author":1,"featured_media":0,"parent":0,"menu_order":0,"comment_status":"closed","ping_status":"closed","template":"","meta":{"footnotes":""},"class_list":["post-767","page","type-page","status-publish","hentry"],"yoast_head":"<!-- This site is optimized with the Yoast SEO plugin v26.2 - https:\/\/yoast.com\/wordpress\/plugins\/seo\/ -->\n<title>Pol\u00edtica de privacidad - Nuria Florensa<\/title>\n<meta name=\"robots\" content=\"noindex, nofollow\" \/>\n<meta property=\"og:locale\" content=\"ca_ES\" \/>\n<meta property=\"og:type\" content=\"article\" \/>\n<meta property=\"og:title\" content=\"Pol\u00edtica de privacidad - Nuria Florensa\" \/>\n<meta property=\"og:url\" content=\"https:\/\/nuriaflorensa.com\/ca\/politica-de-privacidad\/\" \/>\n<meta property=\"og:site_name\" content=\"Nuria Florensa\" \/>\n<meta property=\"article:modified_time\" content=\"2025-11-21T18:37:36+00:00\" \/>\n<meta name=\"twitter:card\" content=\"summary_large_image\" \/>\n<meta name=\"twitter:label1\" content=\"Temps estimat de lectura\" \/>\n\t<meta name=\"twitter:data1\" content=\"1 minut\" \/>\n<script type=\"application\/ld+json\" class=\"yoast-schema-graph\">{\"@context\":\"https:\/\/schema.org\",\"@graph\":[{\"@type\":\"WebPage\",\"@id\":\"https:\/\/nuriaflorensa.com\/ca\/politica-de-privacidad\/\",\"url\":\"https:\/\/nuriaflorensa.com\/ca\/politica-de-privacidad\/\",\"name\":\"Pol\u00edtica de privacidad - Nuria Florensa\",\"isPartOf\":{\"@id\":\"https:\/\/nuriaflorensa.com\/ca\/#website\"},\"datePublished\":\"2025-09-25T09:00:26+00:00\",\"dateModified\":\"2025-11-21T18:37:36+00:00\",\"breadcrumb\":{\"@id\":\"https:\/\/nuriaflorensa.com\/ca\/politica-de-privacidad\/#breadcrumb\"},\"inLanguage\":\"ca\",\"potentialAction\":[{\"@type\":\"ReadAction\",\"target\":[\"https:\/\/nuriaflorensa.com\/ca\/politica-de-privacidad\/\"]}]},{\"@type\":\"BreadcrumbList\",\"@id\":\"https:\/\/nuriaflorensa.com\/ca\/politica-de-privacidad\/#breadcrumb\",\"itemListElement\":[{\"@type\":\"ListItem\",\"position\":1,\"name\":\"Portada\",\"item\":\"https:\/\/nuriaflorensa.com\/ca\/\"},{\"@type\":\"ListItem\",\"position\":2,\"name\":\"Pol\u00edtica de privacidad\"}]},{\"@type\":\"WebSite\",\"@id\":\"https:\/\/nuriaflorensa.com\/ca\/#website\",\"url\":\"https:\/\/nuriaflorensa.com\/ca\/\",\"name\":\"Nuria Florensa\",\"description\":\"Actriz\",\"publisher\":{\"@id\":\"https:\/\/nuriaflorensa.com\/ca\/#organization\"},\"potentialAction\":[{\"@type\":\"SearchAction\",\"target\":{\"@type\":\"EntryPoint\",\"urlTemplate\":\"https:\/\/nuriaflorensa.com\/ca\/?s={search_term_string}\"},\"query-input\":{\"@type\":\"PropertyValueSpecification\",\"valueRequired\":true,\"valueName\":\"search_term_string\"}}],\"inLanguage\":\"ca\"},{\"@type\":\"Organization\",\"@id\":\"https:\/\/nuriaflorensa.com\/ca\/#organization\",\"name\":\"Nuria Florensa\",\"url\":\"https:\/\/nuriaflorensa.com\/ca\/\",\"logo\":{\"@type\":\"ImageObject\",\"inLanguage\":\"ca\",\"@id\":\"https:\/\/nuriaflorensa.com\/ca\/#\/schema\/logo\/image\/\",\"url\":\"https:\/\/nuriaflorensa.com\/wp-content\/uploads\/2025\/09\/Logo-nuriasaaaa-e1761036447818.png\",\"contentUrl\":\"https:\/\/nuriaflorensa.com\/wp-content\/uploads\/2025\/09\/Logo-nuriasaaaa-e1761036447818.png\",\"width\":2240,\"height\":242,\"caption\":\"Nuria Florensa\"},\"image\":{\"@id\":\"https:\/\/nuriaflorensa.com\/ca\/#\/schema\/logo\/image\/\"}}]}<\/script>\n<!-- \/ Yoast SEO plugin. -->","yoast_head_json":{"title":"Pol\u00edtica de privacidad - Nuria Florensa","robots":{"index":"noindex","follow":"nofollow"},"og_locale":"ca_ES","og_type":"article","og_title":"Pol\u00edtica de privacidad - Nuria Florensa","og_url":"https:\/\/nuriaflorensa.com\/ca\/politica-de-privacidad\/","og_site_name":"Nuria Florensa","article_modified_time":"2025-11-21T18:37:36+00:00","twitter_card":"summary_large_image","twitter_misc":{"Temps estimat de lectura":"1 minut"},"schema":{"@context":"https:\/\/schema.org","@graph":[{"@type":"WebPage","@id":"https:\/\/nuriaflorensa.com\/ca\/politica-de-privacidad\/","url":"https:\/\/nuriaflorensa.com\/ca\/politica-de-privacidad\/","name":"Pol\u00edtica de privacidad - Nuria Florensa","isPartOf":{"@id":"https:\/\/nuriaflorensa.com\/ca\/#website"},"datePublished":"2025-09-25T09:00:26+00:00","dateModified":"2025-11-21T18:37:36+00:00","breadcrumb":{"@id":"https:\/\/nuriaflorensa.com\/ca\/politica-de-privacidad\/#breadcrumb"},"inLanguage":"ca","potentialAction":[{"@type":"ReadAction","target":["https:\/\/nuriaflorensa.com\/ca\/politica-de-privacidad\/"]}]},{"@type":"BreadcrumbList","@id":"https:\/\/nuriaflorensa.com\/ca\/politica-de-privacidad\/#breadcrumb","itemListElement":[{"@type":"ListItem","position":1,"name":"Portada","item":"https:\/\/nuriaflorensa.com\/ca\/"},{"@type":"ListItem","position":2,"name":"Pol\u00edtica de privacidad"}]},{"@type":"WebSite","@id":"https:\/\/nuriaflorensa.com\/ca\/#website","url":"https:\/\/nuriaflorensa.com\/ca\/","name":"Nuria Florensa","description":"Actriz","publisher":{"@id":"https:\/\/nuriaflorensa.com\/ca\/#organization"},"potentialAction":[{"@type":"SearchAction","target":{"@type":"EntryPoint","urlTemplate":"https:\/\/nuriaflorensa.com\/ca\/?s={search_term_string}"},"query-input":{"@type":"PropertyValueSpecification","valueRequired":true,"valueName":"search_term_string"}}],"inLanguage":"ca"},{"@type":"Organization","@id":"https:\/\/nuriaflorensa.com\/ca\/#organization","name":"Nuria Florensa","url":"https:\/\/nuriaflorensa.com\/ca\/","logo":{"@type":"ImageObject","inLanguage":"ca","@id":"https:\/\/nuriaflorensa.com\/ca\/#\/schema\/logo\/image\/","url":"https:\/\/nuriaflorensa.com\/wp-content\/uploads\/2025\/09\/Logo-nuriasaaaa-e1761036447818.png","contentUrl":"https:\/\/nuriaflorensa.com\/wp-content\/uploads\/2025\/09\/Logo-nuriasaaaa-e1761036447818.png","width":2240,"height":242,"caption":"Nuria Florensa"},"image":{"@id":"https:\/\/nuriaflorensa.com\/ca\/#\/schema\/logo\/image\/"}}]}},"_links":{"self":[{"href":"https:\/\/nuriaflorensa.com\/ca\/wp-json\/wp\/v2\/pages\/767","targetHints":{"allow":["GET"]}}],"collection":[{"href":"https:\/\/nuriaflorensa.com\/ca\/wp-json\/wp\/v2\/pages"}],"about":[{"href":"https:\/\/nuriaflorensa.com\/ca\/wp-json\/wp\/v2\/types\/page"}],"author":[{"embeddable":true,"href":"https:\/\/nuriaflorensa.com\/ca\/wp-json\/wp\/v2\/users\/1"}],"replies":[{"embeddable":true,"href":"https:\/\/nuriaflorensa.com\/ca\/wp-json\/wp\/v2\/comments?post=767"}],"version-history":[{"count":4,"href":"https:\/\/nuriaflorensa.com\/ca\/wp-json\/wp\/v2\/pages\/767\/revisions"}],"predecessor-version":[{"id":794,"href":"https:\/\/nuriaflorensa.com\/ca\/wp-json\/wp\/v2\/pages\/767\/revisions\/794"}],"wp:attachment":[{"href":"https:\/\/nuriaflorensa.com\/ca\/wp-json\/wp\/v2\/media?parent=767"}],"curies":[{"name":"wp","href":"https:\/\/api.w.org\/{rel}","templated":true}]}}